{"id":6955,"date":"2026-04-14T23:51:22","date_gmt":"2026-04-14T23:51:22","guid":{"rendered":"https:\/\/knitlove.cl\/?post_type=product&#038;p=6955"},"modified":"2026-04-15T19:41:07","modified_gmt":"2026-04-15T19:41:07","slug":"dedal-ergonomico","status":"publish","type":"product","link":"https:\/\/knitlove.cl\/index.php\/producto\/dedal-ergonomico\/","title":{"rendered":"Dedal Ergonomico"},"content":{"rendered":"<p>Dedal Ergon\u00f3mico de Pl\u00e1stico.<\/p>\n<p>La punta del dedal est\u00e1 fabricada en pl\u00e1stico blanco duro, con muescas puntiformes que gu\u00edan la aguja a la perfecci\u00f3n y protegen tus manos.<\/p>\n<p>Tiene ranuras que permiten tener ventilaci\u00f3n y tener tus manos frescas.<\/p>\n<p>Medidas Peque\u00f1o: 1.2 x 2.3 cm<\/p>\n<p>Medidas Grande: 1.8 x 2.7 cm<\/p>\n","protected":false},"excerpt":{"rendered":"<p>Dedal Ergon\u00f3mico de Pl\u00e1stico. La punta del dedal est\u00e1 fabricada en pl\u00e1stico blanco duro, con muescas puntiformes que gu\u00edan la aguja a la perfecci\u00f3n y protegen tus manos. Tiene ranuras que permiten tener ventilaci\u00f3n y tener tus manos frescas. Medidas Peque\u00f1o: 1.2 x 2.3 cm Medidas Grande: 1.8 x 2.7 cm<\/p>\n","protected":false},"featured_media":6958,"comment_status":"open","ping_status":"closed","template":"","meta":[],"product_brand":[],"product_cat":[116],"product_tag":[],"class_list":{"0":"post-6955","1":"product","2":"type-product","3":"status-publish","4":"has-post-thumbnail","6":"product_cat-otros-accesorios","8":"first","9":"instock","10":"taxable","11":"shipping-taxable","12":"purchasable","13":"product-type-variable","14":"rtwpvg-product"},"jetpack_sharing_enabled":true,"_links":{"self":[{"href":"https:\/\/knitlove.cl\/index.php\/wp-json\/wp\/v2\/product\/6955","targetHints":{"allow":["GET"]}}],"collection":[{"href":"https:\/\/knitlove.cl\/index.php\/wp-json\/wp\/v2\/product"}],"about":[{"href":"https:\/\/knitlove.cl\/index.php\/wp-json\/wp\/v2\/types\/product"}],"replies":[{"embeddable":true,"href":"https:\/\/knitlove.cl\/index.php\/wp-json\/wp\/v2\/comments?post=6955"}],"wp:featuredmedia":[{"embeddable":true,"href":"https:\/\/knitlove.cl\/index.php\/wp-json\/wp\/v2\/media\/6958"}],"wp:attachment":[{"href":"https:\/\/knitlove.cl\/index.php\/wp-json\/wp\/v2\/media?parent=6955"}],"wp:term":[{"taxonomy":"product_brand","embeddable":true,"href":"https:\/\/knitlove.cl\/index.php\/wp-json\/wp\/v2\/product_brand?post=6955"},{"taxonomy":"product_cat","embeddable":true,"href":"https:\/\/knitlove.cl\/index.php\/wp-json\/wp\/v2\/product_cat?post=6955"},{"taxonomy":"product_tag","embeddable":true,"href":"https:\/\/knitlove.cl\/index.php\/wp-json\/wp\/v2\/product_tag?post=6955"}],"curies":[{"name":"wp","href":"https:\/\/api.w.org\/{rel}","templated":true}]}}