{"id":5805,"date":"2025-11-04T00:31:22","date_gmt":"2025-11-04T00:31:22","guid":{"rendered":"https:\/\/knitlove.cl\/?post_type=product&#038;p=5805"},"modified":"2026-04-06T02:10:26","modified_gmt":"2026-04-06T02:10:26","slug":"cinta-algodon-metrica","status":"publish","type":"product","link":"https:\/\/knitlove.cl\/index.php\/producto\/cinta-algodon-metrica\/","title":{"rendered":"Cinta Algodo\u0301n metrica"},"content":{"rendered":"<p>Cinta de algod\u00f3n decorativa de 1,2 cm de ancho con marca de 100 cent\u00edmetros.<\/p>\n<p>Venta por metro.<\/p>\n<p>Cada metro esta separado por 5 cm limpios. Ideal para amarrar regalos.<\/p>\n<p>Nota: los cent\u00edmetros estampados no necesariamente coinciden con la medida real.<\/p>\n","protected":false},"excerpt":{"rendered":"<p>Cinta de algod\u00f3n decorativa de 1,2 cm de ancho con marca de 100 cent\u00edmetros. Venta por metro. Cada metro esta separado por 5 cm limpios. Ideal para amarrar regalos. Nota: los cent\u00edmetros estampados no necesariamente coinciden con la medida real.<\/p>\n","protected":false},"featured_media":1315,"comment_status":"open","ping_status":"closed","template":"","meta":[],"product_brand":[],"product_cat":[116],"product_tag":[],"class_list":{"0":"post-5805","1":"product","2":"type-product","3":"status-publish","4":"has-post-thumbnail","6":"product_cat-otros-accesorios","8":"first","9":"instock","10":"taxable","11":"shipping-taxable","12":"purchasable","13":"product-type-simple"},"jetpack_sharing_enabled":true,"_links":{"self":[{"href":"https:\/\/knitlove.cl\/index.php\/wp-json\/wp\/v2\/product\/5805","targetHints":{"allow":["GET"]}}],"collection":[{"href":"https:\/\/knitlove.cl\/index.php\/wp-json\/wp\/v2\/product"}],"about":[{"href":"https:\/\/knitlove.cl\/index.php\/wp-json\/wp\/v2\/types\/product"}],"replies":[{"embeddable":true,"href":"https:\/\/knitlove.cl\/index.php\/wp-json\/wp\/v2\/comments?post=5805"}],"wp:featuredmedia":[{"embeddable":true,"href":"https:\/\/knitlove.cl\/index.php\/wp-json\/wp\/v2\/media\/1315"}],"wp:attachment":[{"href":"https:\/\/knitlove.cl\/index.php\/wp-json\/wp\/v2\/media?parent=5805"}],"wp:term":[{"taxonomy":"product_brand","embeddable":true,"href":"https:\/\/knitlove.cl\/index.php\/wp-json\/wp\/v2\/product_brand?post=5805"},{"taxonomy":"product_cat","embeddable":true,"href":"https:\/\/knitlove.cl\/index.php\/wp-json\/wp\/v2\/product_cat?post=5805"},{"taxonomy":"product_tag","embeddable":true,"href":"https:\/\/knitlove.cl\/index.php\/wp-json\/wp\/v2\/product_tag?post=5805"}],"curies":[{"name":"wp","href":"https:\/\/api.w.org\/{rel}","templated":true}]}}