{"id":4818,"date":"2025-11-03T02:46:37","date_gmt":"2025-11-03T02:46:37","guid":{"rendered":"https:\/\/knitlove.cl\/?post_type=product&#038;p=4818"},"modified":"2026-04-06T02:10:22","modified_gmt":"2026-04-06T02:10:22","slug":"set-dalmatas","status":"publish","type":"product","link":"https:\/\/knitlove.cl\/index.php\/producto\/set-dalmatas\/","title":{"rendered":"Set Dalmatas"},"content":{"rendered":"<p>Set 4 Marcadores<\/p>\n<p>Medida: 2,7 x 2,4 cm<\/p>\n<p>Se seleccionar\u00e1n 4 modelos al azar de la imagen.<\/p>\n<p>Recuerda escoger el tomador de tu marcador antes de agregarlo a tu carrito, as\u00ed recibir\u00e1s un producto personalizado especialmente para ti \u2665\ufe0f<\/p>\n","protected":false},"excerpt":{"rendered":"<p>Set 4 Marcadores Medida: 2,7 x 2,4 cm Se seleccionar\u00e1n 4 modelos al azar de la imagen. Recuerda escoger el tomador de tu marcador antes de agregarlo a tu carrito, as\u00ed recibir\u00e1s un producto personalizado especialmente para ti \u2665\ufe0f<\/p>\n","protected":false},"featured_media":6353,"comment_status":"open","ping_status":"closed","template":"","meta":[],"product_brand":[],"product_cat":[29],"product_tag":[],"class_list":{"0":"post-4818","1":"product","2":"type-product","3":"status-publish","4":"has-post-thumbnail","6":"product_cat-marcadores-de-punto","8":"first","9":"instock","10":"taxable","11":"shipping-taxable","12":"purchasable","13":"product-type-simple"},"jetpack_sharing_enabled":true,"_links":{"self":[{"href":"https:\/\/knitlove.cl\/index.php\/wp-json\/wp\/v2\/product\/4818","targetHints":{"allow":["GET"]}}],"collection":[{"href":"https:\/\/knitlove.cl\/index.php\/wp-json\/wp\/v2\/product"}],"about":[{"href":"https:\/\/knitlove.cl\/index.php\/wp-json\/wp\/v2\/types\/product"}],"replies":[{"embeddable":true,"href":"https:\/\/knitlove.cl\/index.php\/wp-json\/wp\/v2\/comments?post=4818"}],"wp:featuredmedia":[{"embeddable":true,"href":"https:\/\/knitlove.cl\/index.php\/wp-json\/wp\/v2\/media\/6353"}],"wp:attachment":[{"href":"https:\/\/knitlove.cl\/index.php\/wp-json\/wp\/v2\/media?parent=4818"}],"wp:term":[{"taxonomy":"product_brand","embeddable":true,"href":"https:\/\/knitlove.cl\/index.php\/wp-json\/wp\/v2\/product_brand?post=4818"},{"taxonomy":"product_cat","embeddable":true,"href":"https:\/\/knitlove.cl\/index.php\/wp-json\/wp\/v2\/product_cat?post=4818"},{"taxonomy":"product_tag","embeddable":true,"href":"https:\/\/knitlove.cl\/index.php\/wp-json\/wp\/v2\/product_tag?post=4818"}],"curies":[{"name":"wp","href":"https:\/\/api.w.org\/{rel}","templated":true}]}}