{"id":414,"date":"2023-07-18T00:26:51","date_gmt":"2023-07-18T00:26:51","guid":{"rendered":"https:\/\/knitlove.cl\/?post_type=product&#038;p=414"},"modified":"2026-04-06T02:09:38","modified_gmt":"2026-04-06T02:09:38","slug":"set-flores","status":"publish","type":"product","link":"https:\/\/knitlove.cl\/index.php\/producto\/set-flores\/","title":{"rendered":"Set Rosas"},"content":{"rendered":"<p>Set de 5 Marcadores Rosas &#8220;M&#8221;<\/p>\n<p>Tama\u00f1o colgante: 1,2 cm<\/p>\n<p>Recuerda escoger el tomador de tu marcador antes de agregarlo a tu carrito, as\u00ed recibir\u00e1s un producto personalizado especialmente para ti.<\/p>\n","protected":false},"excerpt":{"rendered":"<p>Set de 5 Marcadores Rosas &#8220;M&#8221; Tama\u00f1o colgante: 1,2 cm Recuerda escoger el tomador de tu marcador antes de agregarlo a tu carrito, as\u00ed recibir\u00e1s un producto personalizado especialmente para ti.<\/p>\n","protected":false},"featured_media":6357,"comment_status":"open","ping_status":"closed","template":"","meta":[],"product_brand":[],"product_cat":[29],"product_tag":[65,51],"class_list":{"0":"post-414","1":"product","2":"type-product","3":"status-publish","4":"has-post-thumbnail","6":"product_cat-marcadores-de-punto","7":"product_tag-flores","8":"product_tag-marcador","10":"first","11":"instock","12":"taxable","13":"shipping-taxable","14":"purchasable","15":"product-type-simple"},"jetpack_sharing_enabled":true,"_links":{"self":[{"href":"https:\/\/knitlove.cl\/index.php\/wp-json\/wp\/v2\/product\/414","targetHints":{"allow":["GET"]}}],"collection":[{"href":"https:\/\/knitlove.cl\/index.php\/wp-json\/wp\/v2\/product"}],"about":[{"href":"https:\/\/knitlove.cl\/index.php\/wp-json\/wp\/v2\/types\/product"}],"replies":[{"embeddable":true,"href":"https:\/\/knitlove.cl\/index.php\/wp-json\/wp\/v2\/comments?post=414"}],"wp:featuredmedia":[{"embeddable":true,"href":"https:\/\/knitlove.cl\/index.php\/wp-json\/wp\/v2\/media\/6357"}],"wp:attachment":[{"href":"https:\/\/knitlove.cl\/index.php\/wp-json\/wp\/v2\/media?parent=414"}],"wp:term":[{"taxonomy":"product_brand","embeddable":true,"href":"https:\/\/knitlove.cl\/index.php\/wp-json\/wp\/v2\/product_brand?post=414"},{"taxonomy":"product_cat","embeddable":true,"href":"https:\/\/knitlove.cl\/index.php\/wp-json\/wp\/v2\/product_cat?post=414"},{"taxonomy":"product_tag","embeddable":true,"href":"https:\/\/knitlove.cl\/index.php\/wp-json\/wp\/v2\/product_tag?post=414"}],"curies":[{"name":"wp","href":"https:\/\/api.w.org\/{rel}","templated":true}]}}