{"id":3342,"date":"2025-11-04T04:41:35","date_gmt":"2025-11-04T04:41:35","guid":{"rendered":"https:\/\/knitlove.cl\/?post_type=product&#038;p=3342"},"modified":"2026-04-06T02:10:10","modified_gmt":"2026-04-06T02:10:10","slug":"laguna-blanca","status":"publish","type":"product","link":"https:\/\/knitlove.cl\/index.php\/producto\/laguna-blanca\/","title":{"rendered":"Laguna Blanca"},"content":{"rendered":"<p>Laguna Blanca es una reserva de la Biosfera ubicada en la Provincia de Catamarca, Argentina, donde convive una abundante fauna que incluye vicu\u00f1as, llamas, pumas y zorros adem\u00e1s de una gran variedad de aves migratorias.<\/p>\n<p>Para los amantes del lino, esta mezcla superar\u00e1 tus expectativas!<\/p>\n<p>Su composici\u00f3n es 60% lana merino 25% viscosa y 15% lino. Ideal para tejidos finos y delicados, sweaters livianos y suaves. Se teje bien con palillo 4 \u00f3 4,5. Muy recomendado para crochet tambi\u00e9n. Se presenta en una amplia gama de colores.<\/p>\n<p>Metraje: 250 metros<\/p>\n<p>Peso: 100 gramos<\/p>\n<p>Grosor: DK<\/p>\n<p>Cuidados: Lavar a mano con agua fr\u00eda. Usa el <a href=\"https:\/\/knitlove.cl\/index.php\/producto\/shampoo-para-lana-knitlove\/\">Shampoo KnitLove<\/a> para lograr los mejores resultados y mantener tu tejido como nuevo.<\/p>\n","protected":false},"excerpt":{"rendered":"<p>Laguna Blanca es una reserva de la Biosfera ubicada en la Provincia de Catamarca, Argentina, donde convive una abundante fauna que incluye vicu\u00f1as, llamas, pumas y zorros adem\u00e1s de una gran variedad de aves migratorias. Para los amantes del lino, esta mezcla superar\u00e1 tus expectativas! Su composici\u00f3n es 60% lana merino 25% viscosa y 15% [&hellip;]<\/p>\n","protected":false},"featured_media":3364,"comment_status":"open","ping_status":"closed","template":"","meta":[],"product_brand":[],"product_cat":[246],"product_tag":[],"class_list":{"0":"post-3342","1":"product","2":"type-product","3":"status-publish","4":"has-post-thumbnail","6":"product_cat-hilados-argentinos-texandes","8":"first","9":"instock","10":"taxable","11":"shipping-taxable","12":"purchasable","13":"product-type-variable","14":"rtwpvg-product"},"jetpack_sharing_enabled":true,"_links":{"self":[{"href":"https:\/\/knitlove.cl\/index.php\/wp-json\/wp\/v2\/product\/3342","targetHints":{"allow":["GET"]}}],"collection":[{"href":"https:\/\/knitlove.cl\/index.php\/wp-json\/wp\/v2\/product"}],"about":[{"href":"https:\/\/knitlove.cl\/index.php\/wp-json\/wp\/v2\/types\/product"}],"replies":[{"embeddable":true,"href":"https:\/\/knitlove.cl\/index.php\/wp-json\/wp\/v2\/comments?post=3342"}],"wp:featuredmedia":[{"embeddable":true,"href":"https:\/\/knitlove.cl\/index.php\/wp-json\/wp\/v2\/media\/3364"}],"wp:attachment":[{"href":"https:\/\/knitlove.cl\/index.php\/wp-json\/wp\/v2\/media?parent=3342"}],"wp:term":[{"taxonomy":"product_brand","embeddable":true,"href":"https:\/\/knitlove.cl\/index.php\/wp-json\/wp\/v2\/product_brand?post=3342"},{"taxonomy":"product_cat","embeddable":true,"href":"https:\/\/knitlove.cl\/index.php\/wp-json\/wp\/v2\/product_cat?post=3342"},{"taxonomy":"product_tag","embeddable":true,"href":"https:\/\/knitlove.cl\/index.php\/wp-json\/wp\/v2\/product_tag?post=3342"}],"curies":[{"name":"wp","href":"https:\/\/api.w.org\/{rel}","templated":true}]}}