{"id":3127,"date":"2025-02-27T01:26:38","date_gmt":"2025-02-27T01:26:38","guid":{"rendered":"https:\/\/knitlove.cl\/?post_type=product&#038;p=3127"},"modified":"2026-04-06T02:10:06","modified_gmt":"2026-04-06T02:10:06","slug":"set-marino-conchaperla","status":"publish","type":"product","link":"https:\/\/knitlove.cl\/index.php\/producto\/set-marino-conchaperla\/","title":{"rendered":"Set Marino Concha Perla"},"content":{"rendered":"<p>Set de 4 Marcadores Marinos.<\/p>\n<p>Material: Concha Perla<\/p>\n<p>Tama\u00f1o colgante: 0,8 cm<\/p>\n<p>Recuerda escoger el tomador de tu marcador antes de agregarlo a tu carrito, as\u00ed recibir\u00e1s un producto personalizado especialmente para ti.<\/p>\n","protected":false},"excerpt":{"rendered":"<p>Set de 4 Marcadores Marinos. Material: Concha Perla Tama\u00f1o colgante: 0,8 cm Recuerda escoger el tomador de tu marcador antes de agregarlo a tu carrito, as\u00ed recibir\u00e1s un producto personalizado especialmente para ti.<\/p>\n","protected":false},"featured_media":6354,"comment_status":"open","ping_status":"closed","template":"","meta":[],"product_brand":[],"product_cat":[29],"product_tag":[],"class_list":{"0":"post-3127","1":"product","2":"type-product","3":"status-publish","4":"has-post-thumbnail","6":"product_cat-marcadores-de-punto","8":"first","9":"instock","10":"taxable","11":"shipping-taxable","12":"purchasable","13":"product-type-simple"},"jetpack_sharing_enabled":true,"_links":{"self":[{"href":"https:\/\/knitlove.cl\/index.php\/wp-json\/wp\/v2\/product\/3127","targetHints":{"allow":["GET"]}}],"collection":[{"href":"https:\/\/knitlove.cl\/index.php\/wp-json\/wp\/v2\/product"}],"about":[{"href":"https:\/\/knitlove.cl\/index.php\/wp-json\/wp\/v2\/types\/product"}],"replies":[{"embeddable":true,"href":"https:\/\/knitlove.cl\/index.php\/wp-json\/wp\/v2\/comments?post=3127"}],"wp:featuredmedia":[{"embeddable":true,"href":"https:\/\/knitlove.cl\/index.php\/wp-json\/wp\/v2\/media\/6354"}],"wp:attachment":[{"href":"https:\/\/knitlove.cl\/index.php\/wp-json\/wp\/v2\/media?parent=3127"}],"wp:term":[{"taxonomy":"product_brand","embeddable":true,"href":"https:\/\/knitlove.cl\/index.php\/wp-json\/wp\/v2\/product_brand?post=3127"},{"taxonomy":"product_cat","embeddable":true,"href":"https:\/\/knitlove.cl\/index.php\/wp-json\/wp\/v2\/product_cat?post=3127"},{"taxonomy":"product_tag","embeddable":true,"href":"https:\/\/knitlove.cl\/index.php\/wp-json\/wp\/v2\/product_tag?post=3127"}],"curies":[{"name":"wp","href":"https:\/\/api.w.org\/{rel}","templated":true}]}}