{"id":2472,"date":"2024-08-13T17:26:57","date_gmt":"2024-08-13T17:26:57","guid":{"rendered":"https:\/\/knitlove.cl\/?post_type=product&#038;p=2472"},"modified":"2026-04-06T02:10:05","modified_gmt":"2026-04-06T02:10:05","slug":"set-marcador-de-vueltas","status":"publish","type":"product","link":"https:\/\/knitlove.cl\/index.php\/producto\/set-marcador-de-vueltas\/","title":{"rendered":"Set Marcador de Vueltas"},"content":{"rendered":"<p>Set de 10 Marcadores de Vuelta o Puntos de 10 en 10 (10 al 100)<\/p>\n<p>Tama\u00f1o colgante: 1,5 cm<\/p>\n<p>Recuerda escoger el tomador de tu marcador antes de agregarlo a tu carrito, as\u00ed recibir\u00e1s un producto personalizado especialmente para ti.<\/p>\n","protected":false},"excerpt":{"rendered":"<p>Set de 10 Marcadores de Vuelta o Puntos de 10 en 10 (10 al 100) Tama\u00f1o colgante: 1,5 cm Recuerda escoger el tomador de tu marcador antes de agregarlo a tu carrito, as\u00ed recibir\u00e1s un producto personalizado especialmente para ti.<\/p>\n","protected":false},"featured_media":5447,"comment_status":"open","ping_status":"closed","template":"","meta":[],"product_brand":[],"product_cat":[29],"product_tag":[],"class_list":{"0":"post-2472","1":"product","2":"type-product","3":"status-publish","4":"has-post-thumbnail","6":"product_cat-marcadores-de-punto","8":"first","9":"outofstock","10":"taxable","11":"shipping-taxable","12":"purchasable","13":"product-type-simple"},"jetpack_sharing_enabled":true,"_links":{"self":[{"href":"https:\/\/knitlove.cl\/index.php\/wp-json\/wp\/v2\/product\/2472","targetHints":{"allow":["GET"]}}],"collection":[{"href":"https:\/\/knitlove.cl\/index.php\/wp-json\/wp\/v2\/product"}],"about":[{"href":"https:\/\/knitlove.cl\/index.php\/wp-json\/wp\/v2\/types\/product"}],"replies":[{"embeddable":true,"href":"https:\/\/knitlove.cl\/index.php\/wp-json\/wp\/v2\/comments?post=2472"}],"wp:featuredmedia":[{"embeddable":true,"href":"https:\/\/knitlove.cl\/index.php\/wp-json\/wp\/v2\/media\/5447"}],"wp:attachment":[{"href":"https:\/\/knitlove.cl\/index.php\/wp-json\/wp\/v2\/media?parent=2472"}],"wp:term":[{"taxonomy":"product_brand","embeddable":true,"href":"https:\/\/knitlove.cl\/index.php\/wp-json\/wp\/v2\/product_brand?post=2472"},{"taxonomy":"product_cat","embeddable":true,"href":"https:\/\/knitlove.cl\/index.php\/wp-json\/wp\/v2\/product_cat?post=2472"},{"taxonomy":"product_tag","embeddable":true,"href":"https:\/\/knitlove.cl\/index.php\/wp-json\/wp\/v2\/product_tag?post=2472"}],"curies":[{"name":"wp","href":"https:\/\/api.w.org\/{rel}","templated":true}]}}