{"id":1918,"date":"2025-08-23T16:26:16","date_gmt":"2025-08-23T16:26:16","guid":{"rendered":"https:\/\/knitlove.cl\/index.php\/producto\/contador-de-puntos-digital\/"},"modified":"2026-04-06T02:10:10","modified_gmt":"2026-04-06T02:10:10","slug":"contador-de-puntos-digital","status":"publish","type":"product","link":"https:\/\/knitlove.cl\/index.php\/producto\/contador-de-puntos-digital\/","title":{"rendered":"Contador de Puntos digital"},"content":{"rendered":"<p>C\u00f3modo contador digital recargable, ideal para tener claridad de las vueltas que llevas al leer un patr\u00f3n.<\/p>\n<p>Caracter\u00edsticas :<\/p>\n<p>&#8211; 7 canales: Puedes llevar 7 cuentas en el mismo contador, es decir, 7 proyectos distintos sin mezclar las cuentas de cada uno<\/p>\n<p>&#8211; Luz: Ilumina la pantalla para poder ver los datos en ella.<\/p>\n<p>&#8211; Bloqueo: Evita que se presione el bot\u00f3n por accidente y bloquea el contador.<\/p>\n<p>&#8211; Reloj: Funci\u00f3n de reloj como pantalla de descanso<\/p>\n<p>&#8211; L\u00edmite de cuenta: 999.999<\/p>\n<p>&#8211; Recargable: Bater\u00eda de litio con 12 meses de duraci\u00f3n en stand by (Sin uso). Recarga con cable micro usb (inclu\u00eddo)<\/p>\n<p>Medidas: 3.2 x 4.2 cm (m\u00e1s la correa)<\/p>\n","protected":false},"excerpt":{"rendered":"<p>C\u00f3modo contador digital recargable, ideal para tener claridad de las vueltas que llevas al leer un patr\u00f3n. Caracter\u00edsticas : &#8211; 7 canales: Puedes llevar 7 cuentas en el mismo contador, es decir, 7 proyectos distintos sin mezclar las cuentas de cada uno &#8211; Luz: Ilumina la pantalla para poder ver los datos en ella. &#8211; [&hellip;]<\/p>\n","protected":false},"featured_media":3383,"comment_status":"open","ping_status":"closed","template":"","meta":[],"product_brand":[],"product_cat":[116],"product_tag":[],"class_list":{"0":"post-1918","1":"product","2":"type-product","3":"status-publish","4":"has-post-thumbnail","6":"product_cat-otros-accesorios","8":"first","9":"instock","10":"taxable","11":"shipping-taxable","12":"purchasable","13":"product-type-variable","14":"rtwpvg-product"},"jetpack_sharing_enabled":true,"_links":{"self":[{"href":"https:\/\/knitlove.cl\/index.php\/wp-json\/wp\/v2\/product\/1918","targetHints":{"allow":["GET"]}}],"collection":[{"href":"https:\/\/knitlove.cl\/index.php\/wp-json\/wp\/v2\/product"}],"about":[{"href":"https:\/\/knitlove.cl\/index.php\/wp-json\/wp\/v2\/types\/product"}],"replies":[{"embeddable":true,"href":"https:\/\/knitlove.cl\/index.php\/wp-json\/wp\/v2\/comments?post=1918"}],"wp:featuredmedia":[{"embeddable":true,"href":"https:\/\/knitlove.cl\/index.php\/wp-json\/wp\/v2\/media\/3383"}],"wp:attachment":[{"href":"https:\/\/knitlove.cl\/index.php\/wp-json\/wp\/v2\/media?parent=1918"}],"wp:term":[{"taxonomy":"product_brand","embeddable":true,"href":"https:\/\/knitlove.cl\/index.php\/wp-json\/wp\/v2\/product_brand?post=1918"},{"taxonomy":"product_cat","embeddable":true,"href":"https:\/\/knitlove.cl\/index.php\/wp-json\/wp\/v2\/product_cat?post=1918"},{"taxonomy":"product_tag","embeddable":true,"href":"https:\/\/knitlove.cl\/index.php\/wp-json\/wp\/v2\/product_tag?post=1918"}],"curies":[{"name":"wp","href":"https:\/\/api.w.org\/{rel}","templated":true}]}}