{"id":538,"date":"2023-07-19T21:04:40","date_gmt":"2023-07-19T21:04:40","guid":{"rendered":"https:\/\/knitlove.cl\/?page_id=538"},"modified":"2023-08-04T19:37:12","modified_gmt":"2023-08-04T19:37:12","slug":"envio-devolucion-reembolso","status":"publish","type":"page","link":"https:\/\/knitlove.cl\/index.php\/envio-devolucion-reembolso\/","title":{"rendered":"Pol\u00edtica de env\u00edos, devoluciones y reembolsos"},"content":{"rendered":"\n<p class=\"has-text-color\" style=\"color:#773e18;font-size:30px\"><strong>M\u00e9todos y Plazos de Env\u00edo<\/strong><\/p>\n\n\n\n<p class=\"has-text-align-justify has-text-color\" style=\"color:#773e18\">El m\u00e9todo de env\u00edo lo escoger\u00e1 cada cliente al momento de confirmar la compra, existiendo opciones para la Regi\u00f3n Metropolitana y el resto de las regiones.<\/p>\n\n\n\n<p class=\"has-text-align-justify has-text-color\" style=\"color:#773e18\">En la Regi\u00f3n Metropolitana contamos con <strong>retiro en \u00d1u\u00f1oa<\/strong> previa <strong>coordinaci\u00f3n v\u00eda correo electr\u00f3nico<\/strong> y env\u00edo a trav\u00e9s de una empresa de Delivery Local que ofrece los siguientes plazos de entrega:<\/p>\n\n\n\n<figure class=\"wp-block-table aligncenter\"><table class=\"has-text-color\" style=\"color:#773e18\"><thead><tr><th>Comuna<\/th><th>Plazo de Entrega<\/th><th class=\"has-text-align-center\" data-align=\"center\">Valores de Servicio<\/th><\/tr><\/thead><tbody><tr><td>Cerrillos, Cerro Navia, Conchal\u00ed, El Bosque, <br>Estaci\u00f3n Central, Huechuraba, Independencia,<br>La Cisterna, La Florida, La Granja, La Pintana,<br>La Reina, Las Condes, Lo Barnechea, Lo Espejo,<br>Lo Prado, Macul, Maip\u00fa, \u00d1u\u00f1oa, Pedro Aguirre<br>Cerda, Pe\u00f1alol\u00e9n, Providencia, Pudahuel (<strong>Excluye<br>Ciudad de Los Valles y Lomas de Lo Aguirre<\/strong>), <br>Puente Alto, Quilicura, Quinta Normal, Recoleta, <br>Renca, San Bernardo (<strong>Excluye Nos y Lo Herrera<\/strong>), <br>San Joaqu\u00edn, San Miguel, San Ram\u00f3n, Santiago, <br>Vitacura<\/td><td>24-48 <strong>horas<\/strong> <strong>h\u00e1biles<\/strong> desde <br>que se confirma el pedido<br>(Estado &#8220;Procesando&#8221;)<br><\/td><td class=\"has-text-align-center\" data-align=\"center\">$3.000<\/td><\/tr><tr><td>Alhu\u00e9, Buin, Calera de Tango, Colina, Curacav\u00ed,<br>El Monte, Isla de Maipo, Lampa, Mar\u00eda Pinto,<br>Melipilla, Padre Hurtado, Paine, Pe\u00f1aflor, Pirque,<br>San Jos\u00e9 de Maipo, San Pedro, Talagante, Tiltil,<br>Ciudad de Los Valles (<strong>Pudahuel<\/strong>), Lomas de <br>Lo Aguirre (<strong>Pudahuel<\/strong>), Nos (<strong>San Bernardo<\/strong>),<br>Lo Herrera (<strong>San Bernardo<\/strong>)<\/td><td>24-72 <strong>horas h\u00e1biles<\/strong> desde <br>que se confirma el pedido<br>(Estado &#8220;Procesando&#8221;)<\/td><td class=\"has-text-align-center\" data-align=\"center\">$3.000<\/td><\/tr><\/tbody><\/table><\/figure>\n\n\n\n<p class=\"has-text-align-justify has-text-color\" style=\"color:#773e18\">Estos plazos est\u00e1n sujetos a modificaciones por parte de la empresa de delivery en caso de presentarse problemas en el proceso de entrega, los que ser\u00e1n notificados al cliente oportunamente.<\/p>\n\n\n\n<p class=\"has-text-align-justify has-text-color\" style=\"color:#773e18\">Si no en posible realizar la entrega en la direcci\u00f3n que se ingresa, se har\u00e1n <strong>2 intentos m\u00e1s sin costo<\/strong> en los d\u00edas posteriores y luego el paquete ser\u00e1 devuelto a la tienda para coordinar otra entrega, debiendo realizar el pago de otro env\u00edo.<\/p>\n\n\n\n<p class=\"has-text-align-justify has-text-color\" style=\"color:#773e18\">Ser\u00e1 responsabilidad del cliente verificar que la direcci\u00f3n de env\u00edo est\u00e1 correctamente ingresada. En caso de existir un error, la empresa de delivery no podr\u00e1 hacer entrega del paquete y ser\u00e1 devuelto a la tienda para coordinar otra entrega, debiendo realizar el pago de otro env\u00edo.<\/p>\n\n\n\n<p class=\"has-text-align-justify has-text-color\" style=\"color:#773e18\">El env\u00edo a Regiones se realizar\u00e1 v\u00eda <strong>Bluexpress<\/strong>, cuyo c\u00e1lculo se realiza al realizar el check out de tu compra. Como <strong>referencia<\/strong>, se indican valores de Bluexpress para paquetes peque\u00f1os y medianos:<\/p>\n\n\n\n<figure class=\"wp-block-table aligncenter\"><table class=\"has-text-color\" style=\"color:#773e18\"><thead><tr><th>Regi\u00f3n<\/th><th>Plazo de Entrega<\/th><th class=\"has-text-align-center\" data-align=\"center\">Valores de Servicio<br>(Hasta 0,5 Kg)<\/th><th class=\"has-text-align-center\" data-align=\"center\">Valores de Servicio<br>(Hasta 3 Kg)<\/th><\/tr><\/thead><tbody><tr><td>Regi\u00f3n de Arica y Parinacota<\/td><td>Hasta 8 d\u00edas h\u00e1biles<\/td><td class=\"has-text-align-center\" data-align=\"center\">$4.800<\/td><td class=\"has-text-align-center\" data-align=\"center\">$8.500<\/td><\/tr><tr><td>Regi\u00f3n de Tarapac\u00e1<\/td><td>Hasta 8 d\u00edas h\u00e1biles<\/td><td class=\"has-text-align-center\" data-align=\"center\">$4.800<\/td><td class=\"has-text-align-center\" data-align=\"center\">$8.500<\/td><\/tr><tr><td>Regi\u00f3n de Antofagasta<\/td><td>Hasta 8 d\u00edas h\u00e1biles<\/td><td class=\"has-text-align-center\" data-align=\"center\">$4.800<\/td><td class=\"has-text-align-center\" data-align=\"center\">$8.500<\/td><\/tr><tr><td>Regi\u00f3n de Atacama<\/td><td>Hasta 4 d\u00edas h\u00e1biles<\/td><td class=\"has-text-align-center\" data-align=\"center\">$4.000<\/td><td class=\"has-text-align-center\" data-align=\"center\">$4.900<\/td><\/tr><tr><td>Regi\u00f3n de Coquimbo<\/td><td>Hasta 4 d\u00edas h\u00e1biles<\/td><td class=\"has-text-align-center\" data-align=\"center\">$4.000<\/td><td class=\"has-text-align-center\" data-align=\"center\">$4.900<\/td><\/tr><tr><td>Regi\u00f3n de Valpara\u00edso<\/td><td>Hasta 2 d\u00edas h\u00e1biles<\/td><td class=\"has-text-align-center\" data-align=\"center\">$4.000<\/td><td class=\"has-text-align-center\" data-align=\"center\">$4.900<\/td><\/tr><tr><td>Regi\u00f3n de O&#8217;Higgins<\/td><td>Hasta 4 d\u00edas h\u00e1biles<\/td><td class=\"has-text-align-center\" data-align=\"center\">$4.000<\/td><td class=\"has-text-align-center\" data-align=\"center\">$4.900<\/td><\/tr><tr><td>Regi\u00f3n del Maule<\/td><td>Hasta 4 d\u00edas h\u00e1biles<\/td><td class=\"has-text-align-center\" data-align=\"center\">$4.000<\/td><td class=\"has-text-align-center\" data-align=\"center\">$4.900<\/td><\/tr><tr><td>Regi\u00f3n del \u00d1uble<\/td><td>Hasta 4 d\u00edas h\u00e1biles<\/td><td class=\"has-text-align-center\" data-align=\"center\">$4.000<\/td><td class=\"has-text-align-center\" data-align=\"center\">$4.900<\/td><\/tr><tr><td>Regi\u00f3n del Biobio<\/td><td>Hasta 4 d\u00edas h\u00e1biles<\/td><td class=\"has-text-align-center\" data-align=\"center\">$4.000<\/td><td class=\"has-text-align-center\" data-align=\"center\">$4.900<\/td><\/tr><tr><td>Regi\u00f3n de la Araucan\u00eda<\/td><td>Hasta 4 d\u00edas h\u00e1biles<\/td><td class=\"has-text-align-center\" data-align=\"center\">$4.000<\/td><td class=\"has-text-align-center\" data-align=\"center\">$4.900<\/td><\/tr><tr><td>Regi\u00f3n de Los R\u00edos<\/td><td>Hasta 4 d\u00edas h\u00e1biles<\/td><td class=\"has-text-align-center\" data-align=\"center\">$4.000<\/td><td class=\"has-text-align-center\" data-align=\"center\">$4.900<\/td><\/tr><tr><td>Regi\u00f3n de Los Lagos<\/td><td>Hasta 4 d\u00edas h\u00e1biles<\/td><td class=\"has-text-align-center\" data-align=\"center\">$4.000<\/td><td class=\"has-text-align-center\" data-align=\"center\">$4.900<\/td><\/tr><tr><td>Regi\u00f3n de Aysen<\/td><td>Hasta 15 d\u00edas h\u00e1biles<\/td><td class=\"has-text-align-center\" data-align=\"center\">$4.800<\/td><td class=\"has-text-align-center\" data-align=\"center\">$8.500<\/td><\/tr><tr><td>Regi\u00f3n de Magallanes<\/td><td>Hasta 17 d\u00edas h\u00e1biles<\/td><td class=\"has-text-align-center\" data-align=\"center\">$4.800<\/td><td class=\"has-text-align-center\" data-align=\"center\">$8.500<\/td><\/tr><\/tbody><\/table><\/figure>\n\n\n\n<p class=\"has-text-color\" style=\"color:#773e18\">En caso de requerir otro servicio, se encuentra disponible Starken por pagar, siendo responsabilidad del cliente el pago al momento de recibir el pedido en Sucursal o Domicilio.<\/p>\n\n\n\n<p class=\"has-text-color\" style=\"color:#773e18;font-size:30px\"><strong>Stock de Productos<\/strong><\/p>\n\n\n\n<p class=\"has-text-align-justify has-text-color\" style=\"color:#773e18\">Todos los productos muestran un stock disponible en tiempo real. Sin embargo, es algunos casos excepcionales, puede que esa cantidad presente errores por diferentes motivos. En caso de que un producto no tenga stock disponible, se informar\u00e1 al cliente dentro de las 24 horas siguientes desde que recibimos el pedido para gestionar la devoluci\u00f3n del dinero o el cambio por un producto de igual valor.<\/p>\n\n\n\n<p class=\"has-text-color\" style=\"color:#773e18;font-size:30px\"><strong>Devoluciones y Cambios<\/strong><\/p>\n\n\n\n<p class=\"has-text-align-justify has-text-color\" style=\"color:#773e18\">Los cambios o devoluciones se podr\u00e1n realizar hasta 10 d\u00edas posterior a la compra. Si han transcurrido m\u00e1s de 10 d\u00edas, no se ofrecer\u00e1 reembolso y\/o cambio de ning\u00fan tipo.<\/p>\n\n\n\n<p class=\"has-text-align-justify has-text-color\" style=\"color:#773e18\"><strong>Si el producto se trata de productos en liquidaci\u00f3n, no se ofrecer\u00e1 reembolso y\/o cambio de ning\u00fan tipo.<\/strong><\/p>\n\n\n\n<p class=\"has-text-align-justify has-text-color\" style=\"color:#773e18\">Si el producto recibido presenta da\u00f1os, favor escribir a <strong>hola@knitlove.cl<\/strong> o directamente a nuestro <strong>Whatsapp<\/strong>, indicando los problemas que presentas y nos haremos cargo del resto.<\/p>\n\n\n\n<p class=\"has-text-align-justify has-text-color\" style=\"color:#773e18\">Si el cambio o devoluci\u00f3n es por otras razones no atribuibles a KnitLove, el art\u00edculo debe estar en su envase original y no presentar da\u00f1os ocasionados por terceros. Escr\u00edbenos a <strong>hola@knitlove.cl<\/strong> o directamente a nuestro <strong>Whatsapp<\/strong>, indicando las razones del cambio o devoluci\u00f3n, junto al n\u00famero de tu pedido. <\/p>\n\n\n\n<p class=\"has-text-align-justify has-text-color\" style=\"color:#773e18\">Si se trata de productos comprados con una tarjeta de regalo, estos s\u00f3lo pueden optar a cambio por otro art\u00edculo, <strong>no siendo posible la devoluci\u00f3n y posterior reembolso<\/strong><\/p>\n\n\n\n<p class=\"has-text-color has-medium-font-size\" style=\"color:#773e18;text-decoration:underline\">Regi\u00f3n Metropolitana<\/p>\n\n\n\n<p class=\"has-text-align-justify has-text-color\" style=\"color:#773e18\">Se gestionar\u00e1 con la empresa de Delivery el retiro del producto y la entrega del reemplazo (en caso de cambio). Este servicio adicional debe ser pagado por el cliente. <\/p>\n\n\n\n<p class=\"has-text-align-justify has-text-color\" style=\"color:#773e18\">No se podr\u00e1n realizar devoluciones presenciales.<\/p>\n\n\n\n<p class=\"has-text-color has-medium-font-size\" style=\"color:#773e18;text-decoration:underline\">Otras Regiones<\/p>\n\n\n\n<p class=\"has-text-color\" style=\"color:#773e18\">Se coordinar\u00e1 con el cliente el env\u00edo de los productos a trav\u00e9s de empresa de encomiendas. Este servicio adicional debe ser pagado por el cliente.<\/p>\n\n\n\n<p class=\"has-text-color\" style=\"color:#773e18;font-size:30px\"><strong>Reembolsos<\/strong><\/p>\n\n\n\n<p class=\"has-text-color\" style=\"color:#773e18\">Los reembolsos solicitados por los clientes ser\u00e1n gestionados 24 horas posterior a la recepci\u00f3n y revisi\u00f3n de los productos en la tienda. <\/p>\n\n\n\n<p class=\"has-text-color\" style=\"color:#773e18\">Si el pago fue realizado v\u00eda webpay, la devoluci\u00f3n se har\u00e1 efectiva seg\u00fan los plazos de la empresa Transbank, los que pueden ser hasta 72 horas.<\/p>\n\n\n\n<p class=\"has-text-color\" style=\"color:#773e18\">Si el pago fue realizado v\u00eda transferencia electr\u00f3nica, la devoluci\u00f3n se realizar\u00e1 dentro de las 24 horas de haber recibido y revisado el producto.<\/p>\n\n\n\n<p><\/p>\n","protected":false},"excerpt":{"rendered":"<p>M\u00e9todos y Plazos de Env\u00edo El m\u00e9todo de env\u00edo lo escoger\u00e1 cada cliente al momento de confirmar la compra, existiendo opciones para la Regi\u00f3n Metropolitana y el resto de las regiones. En la Regi\u00f3n Metropolitana contamos con retiro en \u00d1u\u00f1oa previa coordinaci\u00f3n v\u00eda correo electr\u00f3nico y env\u00edo a trav\u00e9s de una empresa de Delivery Local [&hellip;]<\/p>\n","protected":false},"author":1,"featured_media":0,"parent":0,"menu_order":0,"comment_status":"closed","ping_status":"closed","template":"","meta":{"footnotes":""},"class_list":["post-538","page","type-page","status-publish","hentry"],"jetpack_sharing_enabled":true,"_links":{"self":[{"href":"https:\/\/knitlove.cl\/index.php\/wp-json\/wp\/v2\/pages\/538","targetHints":{"allow":["GET"]}}],"collection":[{"href":"https:\/\/knitlove.cl\/index.php\/wp-json\/wp\/v2\/pages"}],"about":[{"href":"https:\/\/knitlove.cl\/index.php\/wp-json\/wp\/v2\/types\/page"}],"author":[{"embeddable":true,"href":"https:\/\/knitlove.cl\/index.php\/wp-json\/wp\/v2\/users\/1"}],"replies":[{"embeddable":true,"href":"https:\/\/knitlove.cl\/index.php\/wp-json\/wp\/v2\/comments?post=538"}],"version-history":[{"count":6,"href":"https:\/\/knitlove.cl\/index.php\/wp-json\/wp\/v2\/pages\/538\/revisions"}],"predecessor-version":[{"id":703,"href":"https:\/\/knitlove.cl\/index.php\/wp-json\/wp\/v2\/pages\/538\/revisions\/703"}],"wp:attachment":[{"href":"https:\/\/knitlove.cl\/index.php\/wp-json\/wp\/v2\/media?parent=538"}],"curies":[{"name":"wp","href":"https:\/\/api.w.org\/{rel}","templated":true}]}}