{"id":2,"date":"2023-04-29T17:39:56","date_gmt":"2023-04-29T17:39:56","guid":{"rendered":"https:\/\/knitlove.cl\/?page_id=2"},"modified":"2024-04-04T02:00:17","modified_gmt":"2024-04-04T02:00:17","slug":"nos-presentamos","status":"publish","type":"page","link":"https:\/\/knitlove.cl\/index.php\/nos-presentamos\/","title":{"rendered":"\u00bfNos presentamos?"},"content":{"rendered":"\n<p class=\"has-text-align-center has-text-color has-background\" style=\"color:#773e18;background-color:#faf2f200;font-size:15px;letter-spacing:1px\">\u00a1Hola! Soy <a rel=\"noreferrer noopener\" href=\"https:\/\/www.instagram.com\/s.ocaceres\/\" target=\"_blank\">Sof\u00eda <\/a>y soy las manos detr\u00e1s de KnitLove. Tengo 2 gatos que hacen un poco dificil la tarea de tejer porque son un poco dependientes emocionalmente de m\u00ed, y un deficit atencional que hace casi imposible terminar lo que tejo porque encuentro miles de cosas por hacer e incluso olvido que empec\u00e9 algo&#8230; Pero en los accesorios para tejer encontr\u00e9 algo compatible con ambas situaciones \ud83d\ude42<\/p>\n\n\n<style>.wp-block-kadence-advancedgallery.kb-gallery-wrap-id-2_8046d1-4e{overflow:hidden;}.kb-gallery-id-2_8046d1-4e .kadence-blocks-gallery-item .kb-gal-image-radius, .kb-gallery-id-2_8046d1-4e .kb-slide-item .kb-gal-image-radius img{border-radius:0px 0px 0px 0px;;}.kb-gallery-caption-style-bottom.kb-gallery-id-2_8046d1-4e .kadence-blocks-gallery-item .kadence-blocks-gallery-item-inner .kadence-blocks-gallery-item__caption, .kb-gallery-caption-style-bottom-hover.kb-gallery-id-2_8046d1-4e .kadence-blocks-gallery-item .kadence-blocks-gallery-item-inner .kadence-blocks-gallery-item__caption{background:linear-gradient(0deg, rgba(0, 0, 0, 0.8) 0, rgba(0, 0, 0, 0) 100%);}.kb-gallery-wrap-id-2_8046d1-4e.wp-block-kadence-advancedgallery{overflow:visible;}.kb-gallery-wrap-id-2_8046d1-4e.wp-block-kadence-advancedgallery .kt-blocks-carousel{overflow:visible;}<\/style><div class=\"kb-gallery-wrap-id-2_8046d1-4e alignnone wp-block-kadence-advancedgallery\"><div class=\"kb-gallery-ul kb-gallery-non-static kb-gallery-type-carousel kb-gallery-id-2_8046d1-4e kb-gallery-caption-style-bottom-hover kb-gallery-filter-grayscale\" data-image-filter=\"grayscale\" data-lightbox-caption=\"true\"><div class=\"kt-blocks-carousel splide kt-carousel-container-dotstyle-dark kt-carousel-arrowstyle-whiteondark kt-carousel-dotstyle-dark kb-slider-group-arrow kb-slider-arrow-position-center\" data-columns-xxl=\"4\" data-columns-xl=\"4\" data-columns-md=\"4\" data-columns-sm=\"3\" data-columns-xs=\"2\" data-columns-ss=\"2\" data-slider-anim-speed=\"400\" data-slider-scroll=\"1\" data-slider-arrows=\"true\" data-slider-dots=\"true\" data-slider-hover-pause=\"false\" data-slider-auto=\"\" data-slider-speed=\"7000\" data-slider-gap=\"30px\" data-slider-gap-tablet=\"30px\" data-slider-gap-mobile=\"30px\" data-show-pause-button=\"false\" data-slider-label=\"Photo Gallery Carousel\"><div class=\"splide__track\"><ul class=\"kt-blocks-carousel-init kb-gallery-carousel splide__list\"><li class=\"kb-slide-item kb-gallery-carousel-item splide__slide\"><div class=\"kadence-blocks-gallery-item\"><div class=\"kadence-blocks-gallery-item-inner\"><figure class=\"kb-gallery-figure\"><div class=\"kb-gal-image-radius\"><div class=\"kb-gallery-image-contain kadence-blocks-gallery-intrinsic kb-gallery-image-ratio-land32 kb-has-image-ratio-land32\" ><img loading=\"lazy\" decoding=\"async\" src=\"https:\/\/knitlove.cl\/wp-content\/uploads\/2024\/04\/wp-17121945191787316460897089441660-e1712194976512-1024x714.jpg\" width=\"1024\" height=\"714\" alt=\"\" data-full-image=\"https:\/\/knitlove.cl\/wp-content\/uploads\/2024\/04\/wp-17121945191787316460897089441660-e1712194976512.jpg\" data-light-image=\"https:\/\/knitlove.cl\/wp-content\/uploads\/2024\/04\/wp-17121945191787316460897089441660-e1712194976512.jpg\" data-id=\"1574\" class=\"wp-image-1574 skip-lazy\" srcset=\"https:\/\/knitlove.cl\/wp-content\/uploads\/2024\/04\/wp-17121945191787316460897089441660-e1712194976512-1024x714.jpg 1024w, https:\/\/knitlove.cl\/wp-content\/uploads\/2024\/04\/wp-17121945191787316460897089441660-e1712194976512-300x209.jpg 300w, https:\/\/knitlove.cl\/wp-content\/uploads\/2024\/04\/wp-17121945191787316460897089441660-e1712194976512-768x536.jpg 768w, https:\/\/knitlove.cl\/wp-content\/uploads\/2024\/04\/wp-17121945191787316460897089441660-e1712194976512-600x418.jpg 600w, https:\/\/knitlove.cl\/wp-content\/uploads\/2024\/04\/wp-17121945191787316460897089441660-e1712194976512.jpg 1176w\" sizes=\"auto, (max-width: 1024px) 100vw, 1024px\" \/><\/div><\/div><\/figure><\/div><\/div><\/li><li class=\"kb-slide-item kb-gallery-carousel-item splide__slide\"><div class=\"kadence-blocks-gallery-item\"><div class=\"kadence-blocks-gallery-item-inner\"><figure class=\"kb-gallery-figure\"><div class=\"kb-gal-image-radius\"><div class=\"kb-gallery-image-contain kadence-blocks-gallery-intrinsic kb-gallery-image-ratio-land32 kb-has-image-ratio-land32\" ><img loading=\"lazy\" decoding=\"async\" src=\"https:\/\/knitlove.cl\/wp-content\/uploads\/2024\/04\/wp-17121940398001051076977395240385-e1712195268908-845x1024.jpg\" width=\"845\" height=\"1024\" alt=\"\" data-full-image=\"https:\/\/knitlove.cl\/wp-content\/uploads\/2024\/04\/wp-17121940398001051076977395240385-e1712195268908.jpg\" data-light-image=\"https:\/\/knitlove.cl\/wp-content\/uploads\/2024\/04\/wp-17121940398001051076977395240385-e1712195268908.jpg\" data-id=\"1572\" class=\"wp-image-1572 skip-lazy\" srcset=\"https:\/\/knitlove.cl\/wp-content\/uploads\/2024\/04\/wp-17121940398001051076977395240385-e1712195268908-845x1024.jpg 845w, https:\/\/knitlove.cl\/wp-content\/uploads\/2024\/04\/wp-17121940398001051076977395240385-e1712195268908-248x300.jpg 248w, https:\/\/knitlove.cl\/wp-content\/uploads\/2024\/04\/wp-17121940398001051076977395240385-e1712195268908-768x931.jpg 768w, https:\/\/knitlove.cl\/wp-content\/uploads\/2024\/04\/wp-17121940398001051076977395240385-e1712195268908-600x727.jpg 600w, https:\/\/knitlove.cl\/wp-content\/uploads\/2024\/04\/wp-17121940398001051076977395240385-e1712195268908.jpg 1056w\" sizes=\"auto, (max-width: 845px) 100vw, 845px\" \/><\/div><\/div><\/figure><\/div><\/div><\/li><li class=\"kb-slide-item kb-gallery-carousel-item splide__slide\"><div class=\"kadence-blocks-gallery-item\"><div class=\"kadence-blocks-gallery-item-inner\"><figure class=\"kb-gallery-figure\"><div class=\"kb-gal-image-radius\"><div class=\"kb-gallery-image-contain kadence-blocks-gallery-intrinsic kb-gallery-image-ratio-land32 kb-has-image-ratio-land32\" ><img loading=\"lazy\" decoding=\"async\" src=\"https:\/\/knitlove.cl\/wp-content\/uploads\/2024\/04\/wp-17121941148454785167266510209108-e1712195007945-1024x794.jpg\" width=\"1024\" height=\"794\" alt=\"\" data-full-image=\"https:\/\/knitlove.cl\/wp-content\/uploads\/2024\/04\/wp-17121941148454785167266510209108-e1712195007945.jpg\" data-light-image=\"https:\/\/knitlove.cl\/wp-content\/uploads\/2024\/04\/wp-17121941148454785167266510209108-e1712195007945.jpg\" data-id=\"1573\" class=\"wp-image-1573 skip-lazy\" srcset=\"https:\/\/knitlove.cl\/wp-content\/uploads\/2024\/04\/wp-17121941148454785167266510209108-e1712195007945-1024x794.jpg 1024w, https:\/\/knitlove.cl\/wp-content\/uploads\/2024\/04\/wp-17121941148454785167266510209108-e1712195007945-300x232.jpg 300w, https:\/\/knitlove.cl\/wp-content\/uploads\/2024\/04\/wp-17121941148454785167266510209108-e1712195007945-768x595.jpg 768w, https:\/\/knitlove.cl\/wp-content\/uploads\/2024\/04\/wp-17121941148454785167266510209108-e1712195007945-600x465.jpg 600w, https:\/\/knitlove.cl\/wp-content\/uploads\/2024\/04\/wp-17121941148454785167266510209108-e1712195007945.jpg 1453w\" sizes=\"auto, (max-width: 1024px) 100vw, 1024px\" \/><\/div><\/div><\/figure><\/div><\/div><\/li><li class=\"kb-slide-item kb-gallery-carousel-item splide__slide\"><div class=\"kadence-blocks-gallery-item\"><div class=\"kadence-blocks-gallery-item-inner\"><figure class=\"kb-gallery-figure\"><div class=\"kb-gal-image-radius\"><div class=\"kb-gallery-image-contain kadence-blocks-gallery-intrinsic kb-gallery-image-ratio-land32 kb-has-image-ratio-land32\" ><img loading=\"lazy\" decoding=\"async\" src=\"https:\/\/knitlove.cl\/wp-content\/uploads\/2024\/04\/wp-17121926395903994012922086866366-e1712195063333-1024x829.jpg\" width=\"1024\" height=\"829\" alt=\"\" data-full-image=\"https:\/\/knitlove.cl\/wp-content\/uploads\/2024\/04\/wp-17121926395903994012922086866366-e1712195063333.jpg\" data-light-image=\"https:\/\/knitlove.cl\/wp-content\/uploads\/2024\/04\/wp-17121926395903994012922086866366-e1712195063333.jpg\" data-id=\"1570\" class=\"wp-image-1570 skip-lazy\" srcset=\"https:\/\/knitlove.cl\/wp-content\/uploads\/2024\/04\/wp-17121926395903994012922086866366-e1712195063333-1024x829.jpg 1024w, https:\/\/knitlove.cl\/wp-content\/uploads\/2024\/04\/wp-17121926395903994012922086866366-e1712195063333-300x243.jpg 300w, https:\/\/knitlove.cl\/wp-content\/uploads\/2024\/04\/wp-17121926395903994012922086866366-e1712195063333-768x622.jpg 768w, https:\/\/knitlove.cl\/wp-content\/uploads\/2024\/04\/wp-17121926395903994012922086866366-e1712195063333-600x486.jpg 600w, https:\/\/knitlove.cl\/wp-content\/uploads\/2024\/04\/wp-17121926395903994012922086866366-e1712195063333.jpg 1500w\" sizes=\"auto, (max-width: 1024px) 100vw, 1024px\" \/><\/div><\/div><\/figure><\/div><\/div><\/li><\/ul><\/div><\/div><\/div><\/div>\n\n\n<p class=\"has-text-align-center has-text-color has-background\" style=\"color:#773e18;background-color:#faf2f200;font-size:15px;letter-spacing:1px\">\u00bfLes ha pasado que alguna crisis genere algo nuevo y hermoso? Eso es KnitLove&#8230; Naci\u00f3 para entregarme tiempo de descanso y autoconocimiento en un momento  de confusi\u00f3n. Despu\u00e9s de unas semanas de comenzar con los Marcadores de Puntos ya no ten\u00eda donde guardarlos&#8230; As\u00ed que, a pesar de no tener un esp\u00edritu de vendedora, decid\u00ed hacer el <a rel=\"noreferrer noopener\" href=\"https:\/\/www.instagram.com\/knitlovecl\/\" target=\"_blank\">instagram de la tienda<\/a> y al menos intentarlo&#8230; A los 5 meses estaba como expositora en la <a href=\"https:\/\/www.instagram.com\/expoteje\/\">expo teje<\/a> oto\u00f1o y con un stock que nunca imagin\u00e9 tener&#8230; Claramente tuve que resolver el problema del espacio para guardar ese stock y hacer que esto funcionara.<\/p>\n\n\n\n<p class=\"has-text-align-center has-text-color has-background\" style=\"color:#773e18;background-color:#faf2f200;font-size:15px;letter-spacing:1px\">Este mundo tejeril me ha mostrado varias caras, pero me quedo sin duda con la amable; esa cara que muestra una sonrisa sin buscar una raz\u00f3n, esa que apoya y compite sanamente. Encontr\u00e9 un grupo de tejedoras en un taller de tejido donde la verdad poco tejemos (Perd\u00f3n Liss cuando leas esto Jajaja), pero abrazan cuando se necesita y rien por puro gusto (Y pucha que se r\u00eden, ah?). Ese grupo alienta a que esto siga creciendo s\u00f3lo porque me gusta.<\/p>\n\n\n\n<p class=\"has-text-align-center has-text-color has-background\" style=\"color:#773e18;background-color:#faf2f200;font-size:15px;letter-spacing:1px\">Y bueno&#8230; Como esto creci\u00f3 rapidamente, era cuesti\u00f3n de tiempo para que la necesidad de una p\u00e1gina web llegara y yo sin ning\u00fan conocimiento al respecto&#8230; En serio ninguno! M\u00e1s de alg\u00fan error comet\u00ed y ped\u00ed ayuda desesperada para solucionarlo&#8230;  Y, a pesar de mis errores, mis hermosos y dependientes gatos y el d\u00e9ficit atencional, esto prendi\u00f3 y qui\u00e9n sabe d\u00f3nde acabe todo!<\/p>\n\n\n\n<p class=\"has-text-align-center has-text-color has-background\" style=\"color:#773e18;background-color:#faf2f200;font-size:15px;letter-spacing:1px\">Bienvenidos todos a esta tienda &lt;3<\/p>\n","protected":false},"excerpt":{"rendered":"<p>\u00a1Hola! Soy Sof\u00eda y soy las manos detr\u00e1s de KnitLove. Tengo 2 gatos que hacen un poco dificil la tarea de tejer porque son un poco dependientes emocionalmente de m\u00ed, y un deficit atencional que hace casi imposible terminar lo que tejo porque encuentro miles de cosas por hacer e incluso olvido que empec\u00e9 algo&#8230; [&hellip;]<\/p>\n","protected":false},"author":1,"featured_media":0,"parent":0,"menu_order":0,"comment_status":"closed","ping_status":"closed","template":"templates\/template-page-full-width.php","meta":{"footnotes":""},"class_list":["post-2","page","type-page","status-publish","hentry"],"jetpack_sharing_enabled":true,"_links":{"self":[{"href":"https:\/\/knitlove.cl\/index.php\/wp-json\/wp\/v2\/pages\/2","targetHints":{"allow":["GET"]}}],"collection":[{"href":"https:\/\/knitlove.cl\/index.php\/wp-json\/wp\/v2\/pages"}],"about":[{"href":"https:\/\/knitlove.cl\/index.php\/wp-json\/wp\/v2\/types\/page"}],"author":[{"embeddable":true,"href":"https:\/\/knitlove.cl\/index.php\/wp-json\/wp\/v2\/users\/1"}],"replies":[{"embeddable":true,"href":"https:\/\/knitlove.cl\/index.php\/wp-json\/wp\/v2\/comments?post=2"}],"version-history":[{"count":20,"href":"https:\/\/knitlove.cl\/index.php\/wp-json\/wp\/v2\/pages\/2\/revisions"}],"predecessor-version":[{"id":1584,"href":"https:\/\/knitlove.cl\/index.php\/wp-json\/wp\/v2\/pages\/2\/revisions\/1584"}],"wp:attachment":[{"href":"https:\/\/knitlove.cl\/index.php\/wp-json\/wp\/v2\/media?parent=2"}],"curies":[{"name":"wp","href":"https:\/\/api.w.org\/{rel}","templated":true}]}}